{"id":2783,"date":"2021-06-20T15:54:03","date_gmt":"2021-06-20T12:54:03","guid":{"rendered":"https:\/\/www.dpfmac.com\/?page_id=2783"},"modified":"2021-06-21T21:26:55","modified_gmt":"2021-06-21T18:26:55","slug":"english-yardimci-urunler","status":"publish","type":"page","link":"https:\/\/dpfmac.com\/en\/auxiliary-products\/","title":{"rendered":"Auxiliary Products"},"content":{"rendered":"<p><\/p>\n<p>[vc_row][vc_column][vc_tta_tabs][vc_tta_section title=&#8221;Particulate Cleaner&#8221; tab_id=&#8221;1624193819827-77dae3b3-385f&#8221;][vc_single_image image=&#8221;2789&#8243; img_size=&#8221;medium&#8221;][\/vc_tta_section][vc_tta_section title=&#8221;Radiator Cleaner&#8221; tab_id=&#8221;1624193819827-d13c1abb-a310&#8243;][vc_single_image image=&#8221;2791&#8243; img_size=&#8221;medium&#8221;][\/vc_tta_section][\/vc_tta_tabs][\/vc_column][\/vc_row]<\/p>\n<p><\/p>","protected":false},"excerpt":{"rendered":"<p>[vc_row][vc_column][vc_tta_tabs][vc_tta_section title=&#8221;Particulate Cleaner&#8221; tab_id=&#8221;1624193819827-77dae3b3-385f&#8221;][vc_single_image image=&#8221;2789&#8243; img_size=&#8221;medium&#8221;][\/vc_tta_section][vc_tta_section title=&#8221;Radiator Cleaner&#8221; tab_id=&#8221;1624193819827-d13c1abb-a310&#8243;][vc_single_image image=&#8221;2791&#8243; img_size=&#8221;medium&#8221;][\/vc_tta_section][\/vc_tta_tabs][\/vc_column][\/vc_row]<\/p>\n","protected":false},"author":1,"featured_media":0,"parent":0,"menu_order":0,"comment_status":"closed","ping_status":"closed","template":"","meta":{"footnotes":""},"class_list":["post-2783","page","type-page","status-publish","hentry"],"yoast_head":"<!-- This site is optimized with the Yoast SEO plugin v21.5 - https:\/\/yoast.com\/wordpress\/plugins\/seo\/ -->\n<title>Auxiliary Products - DPF Cleaning Machines<\/title>\n<meta name=\"robots\" content=\"index, follow, max-snippet:-1, max-image-preview:large, max-video-preview:-1\" \/>\n<link rel=\"canonical\" href=\"https:\/\/dpfmac.com\/yardimci-urunler\/\" \/>\n<meta property=\"og:locale\" content=\"en_US\" \/>\n<meta property=\"og:type\" content=\"article\" \/>\n<meta property=\"og:title\" content=\"Auxiliary Products - DPF Cleaning Machines\" \/>\n<meta property=\"og:description\" content=\"[vc_row][vc_column][vc_tta_tabs][vc_tta_section title=&#8221;Particulate Cleaner&#8221; tab_id=&#8221;1624193819827-77dae3b3-385f&#8221;][vc_single_image image=&#8221;2789&#8243; img_size=&#8221;medium&#8221;][\/vc_tta_section][vc_tta_section title=&#8221;Radiator Cleaner&#8221; tab_id=&#8221;1624193819827-d13c1abb-a310&#8243;][vc_single_image image=&#8221;2791&#8243; img_size=&#8221;medium&#8221;][\/vc_tta_section][\/vc_tta_tabs][\/vc_column][\/vc_row]\" \/>\n<meta property=\"og:url\" content=\"https:\/\/dpfmac.com\/yardimci-urunler\/\" \/>\n<meta property=\"og:site_name\" content=\"DPF Cleaning Machines\" \/>\n<meta property=\"article:publisher\" content=\"https:\/\/facebook.com\/dpfmac\" \/>\n<meta property=\"article:modified_time\" content=\"2021-06-21T18:26:55+00:00\" \/>\n<meta name=\"twitter:card\" content=\"summary_large_image\" \/>\n<meta name=\"twitter:site\" content=\"@dpfmac\" \/>\n<meta name=\"twitter:label1\" content=\"Est. reading time\" \/>\n\t<meta name=\"twitter:data1\" content=\"1 minute\" \/>\n<script type=\"application\/ld+json\" class=\"yoast-schema-graph\">{\"@context\":\"https:\/\/schema.org\",\"@graph\":[{\"@type\":\"WebPage\",\"@id\":\"https:\/\/dpfmac.com\/yardimci-urunler\/\",\"url\":\"https:\/\/dpfmac.com\/yardimci-urunler\/\",\"name\":\"Auxiliary Products - DPF Cleaning Machines\",\"isPartOf\":{\"@id\":\"https:\/\/dpfmac.com\/en\/#website\"},\"datePublished\":\"2021-06-20T12:54:03+00:00\",\"dateModified\":\"2021-06-21T18:26:55+00:00\",\"breadcrumb\":{\"@id\":\"https:\/\/dpfmac.com\/yardimci-urunler\/#breadcrumb\"},\"inLanguage\":\"en-US\",\"potentialAction\":[{\"@type\":\"ReadAction\",\"target\":[\"https:\/\/dpfmac.com\/yardimci-urunler\/\"]}]},{\"@type\":\"BreadcrumbList\",\"@id\":\"https:\/\/dpfmac.com\/yardimci-urunler\/#breadcrumb\",\"itemListElement\":[{\"@type\":\"ListItem\",\"position\":1,\"name\":\"Ana sayfa\",\"item\":\"https:\/\/dpfmac.com\/\"},{\"@type\":\"ListItem\",\"position\":2,\"name\":\"Yard\u0131mc\u0131 \u00dcr\u00fcnler\"}]},{\"@type\":\"WebSite\",\"@id\":\"https:\/\/dpfmac.com\/en\/#website\",\"url\":\"https:\/\/dpfmac.com\/en\/\",\"name\":\"DPFMAC\",\"description\":\"Diesel Particulate Filter Cleaning Machine\",\"publisher\":{\"@id\":\"https:\/\/dpfmac.com\/en\/#organization\"},\"potentialAction\":[{\"@type\":\"SearchAction\",\"target\":{\"@type\":\"EntryPoint\",\"urlTemplate\":\"https:\/\/dpfmac.com\/en\/?s={search_term_string}\"},\"query-input\":\"required name=search_term_string\"}],\"inLanguage\":\"en-US\"},{\"@type\":\"Organization\",\"@id\":\"https:\/\/dpfmac.com\/en\/#organization\",\"name\":\"\u00c7\u0131nar Makina Dpfmac\",\"url\":\"https:\/\/dpfmac.com\/en\/\",\"logo\":{\"@type\":\"ImageObject\",\"inLanguage\":\"en-US\",\"@id\":\"https:\/\/dpfmac.com\/en\/#\/schema\/logo\/image\/\",\"url\":\"http:\/\/www.dpfmac.com\/wp-content\/uploads\/2018\/10\/dpfmac-logo.png\",\"contentUrl\":\"http:\/\/www.dpfmac.com\/wp-content\/uploads\/2018\/10\/dpfmac-logo.png\",\"width\":320,\"height\":105,\"caption\":\"\u00c7\u0131nar Makina Dpfmac\"},\"image\":{\"@id\":\"https:\/\/dpfmac.com\/en\/#\/schema\/logo\/image\/\"},\"sameAs\":[\"https:\/\/facebook.com\/dpfmac\",\"https:\/\/twitter.com\/dpfmac\",\"https:\/\/instagram.com\/dpfmac\",\"https:\/\/www.youtube.com\/channel\/UCx6BpzPRNM4sCKHx-8UN_Kw\"]}]}<\/script>\n<!-- \/ Yoast SEO plugin. -->","yoast_head_json":{"title":"Auxiliary Products - DPF Cleaning Machines","robots":{"index":"index","follow":"follow","max-snippet":"max-snippet:-1","max-image-preview":"max-image-preview:large","max-video-preview":"max-video-preview:-1"},"canonical":"https:\/\/dpfmac.com\/yardimci-urunler\/","og_locale":"en_US","og_type":"article","og_title":"Auxiliary Products - DPF Cleaning Machines","og_description":"[vc_row][vc_column][vc_tta_tabs][vc_tta_section title=&#8221;Particulate Cleaner&#8221; tab_id=&#8221;1624193819827-77dae3b3-385f&#8221;][vc_single_image image=&#8221;2789&#8243; img_size=&#8221;medium&#8221;][\/vc_tta_section][vc_tta_section title=&#8221;Radiator Cleaner&#8221; tab_id=&#8221;1624193819827-d13c1abb-a310&#8243;][vc_single_image image=&#8221;2791&#8243; img_size=&#8221;medium&#8221;][\/vc_tta_section][\/vc_tta_tabs][\/vc_column][\/vc_row]","og_url":"https:\/\/dpfmac.com\/yardimci-urunler\/","og_site_name":"DPF Cleaning Machines","article_publisher":"https:\/\/facebook.com\/dpfmac","article_modified_time":"2021-06-21T18:26:55+00:00","twitter_card":"summary_large_image","twitter_site":"@dpfmac","twitter_misc":{"Est. reading time":"1 minute"},"schema":{"@context":"https:\/\/schema.org","@graph":[{"@type":"WebPage","@id":"https:\/\/dpfmac.com\/yardimci-urunler\/","url":"https:\/\/dpfmac.com\/yardimci-urunler\/","name":"Auxiliary Products - DPF Cleaning Machines","isPartOf":{"@id":"https:\/\/dpfmac.com\/en\/#website"},"datePublished":"2021-06-20T12:54:03+00:00","dateModified":"2021-06-21T18:26:55+00:00","breadcrumb":{"@id":"https:\/\/dpfmac.com\/yardimci-urunler\/#breadcrumb"},"inLanguage":"en-US","potentialAction":[{"@type":"ReadAction","target":["https:\/\/dpfmac.com\/yardimci-urunler\/"]}]},{"@type":"BreadcrumbList","@id":"https:\/\/dpfmac.com\/yardimci-urunler\/#breadcrumb","itemListElement":[{"@type":"ListItem","position":1,"name":"Ana sayfa","item":"https:\/\/dpfmac.com\/"},{"@type":"ListItem","position":2,"name":"Yard\u0131mc\u0131 \u00dcr\u00fcnler"}]},{"@type":"WebSite","@id":"https:\/\/dpfmac.com\/en\/#website","url":"https:\/\/dpfmac.com\/en\/","name":"DPFMAC","description":"Diesel Particulate Filter Cleaning Machine","publisher":{"@id":"https:\/\/dpfmac.com\/en\/#organization"},"potentialAction":[{"@type":"SearchAction","target":{"@type":"EntryPoint","urlTemplate":"https:\/\/dpfmac.com\/en\/?s={search_term_string}"},"query-input":"required name=search_term_string"}],"inLanguage":"en-US"},{"@type":"Organization","@id":"https:\/\/dpfmac.com\/en\/#organization","name":"\u00c7\u0131nar Makina Dpfmac","url":"https:\/\/dpfmac.com\/en\/","logo":{"@type":"ImageObject","inLanguage":"en-US","@id":"https:\/\/dpfmac.com\/en\/#\/schema\/logo\/image\/","url":"http:\/\/www.dpfmac.com\/wp-content\/uploads\/2018\/10\/dpfmac-logo.png","contentUrl":"http:\/\/www.dpfmac.com\/wp-content\/uploads\/2018\/10\/dpfmac-logo.png","width":320,"height":105,"caption":"\u00c7\u0131nar Makina Dpfmac"},"image":{"@id":"https:\/\/dpfmac.com\/en\/#\/schema\/logo\/image\/"},"sameAs":["https:\/\/facebook.com\/dpfmac","https:\/\/twitter.com\/dpfmac","https:\/\/instagram.com\/dpfmac","https:\/\/www.youtube.com\/channel\/UCx6BpzPRNM4sCKHx-8UN_Kw"]}]}},"_links":{"self":[{"href":"https:\/\/dpfmac.com\/en\/wp-json\/wp\/v2\/pages\/2783","targetHints":{"allow":["GET"]}}],"collection":[{"href":"https:\/\/dpfmac.com\/en\/wp-json\/wp\/v2\/pages"}],"about":[{"href":"https:\/\/dpfmac.com\/en\/wp-json\/wp\/v2\/types\/page"}],"author":[{"embeddable":true,"href":"https:\/\/dpfmac.com\/en\/wp-json\/wp\/v2\/users\/1"}],"replies":[{"embeddable":true,"href":"https:\/\/dpfmac.com\/en\/wp-json\/wp\/v2\/comments?post=2783"}],"version-history":[{"count":14,"href":"https:\/\/dpfmac.com\/en\/wp-json\/wp\/v2\/pages\/2783\/revisions"}],"predecessor-version":[{"id":2828,"href":"https:\/\/dpfmac.com\/en\/wp-json\/wp\/v2\/pages\/2783\/revisions\/2828"}],"wp:attachment":[{"href":"https:\/\/dpfmac.com\/en\/wp-json\/wp\/v2\/media?parent=2783"}],"curies":[{"name":"wp","href":"https:\/\/api.w.org\/{rel}","templated":true}]}}